{"id":5723,"date":"2024-02-26T21:27:35","date_gmt":"2024-02-26T21:27:35","guid":{"rendered":"https:\/\/santajulia.com.ar\/tomates-verdes\/"},"modified":"2024-07-12T14:14:30","modified_gmt":"2024-07-12T14:14:30","slug":"tomates-verdes","status":"publish","type":"page","link":"https:\/\/santajulia.com.ar\/en\/tomates-verdes\/","title":{"rendered":"Tomates Verdes"},"content":{"rendered":"\t\t<div data-elementor-type=\"wp-page\" data-elementor-id=\"5723\" class=\"elementor elementor-5723 elementor-2406\" data-elementor-post-type=\"page\">\n\t\t\t\t<div class=\"elementor-element elementor-element-d036e24 e-con-full e-flex e-con e-parent\" data-id=\"d036e24\" data-element_type=\"container\" data-e-type=\"container\" data-settings=\"{&quot;jet_parallax_layout_list&quot;:[],&quot;background_background&quot;:&quot;classic&quot;}\">\n\t\t<div class=\"elementor-element elementor-element-119225b e-con-full e-flex e-con e-child\" data-id=\"119225b\" data-element_type=\"container\" data-e-type=\"container\" data-settings=\"{&quot;jet_parallax_layout_list&quot;:[]}\">\n\t\t\t\t<div class=\"elementor-element elementor-element-cc2baf5 jet-nav-align-center jet-nav-mobile-align-center elementor-widget elementor-widget-jet-nav-menu\" data-id=\"cc2baf5\" data-element_type=\"widget\" data-e-type=\"widget\" data-widget_type=\"jet-nav-menu.default\">\n\t\t\t\t<div class=\"elementor-widget-container\">\n\t\t\t\t\t<nav class=\"jet-nav-wrap m-layout-mobile\"><div class=\"menu-menu-vinos-en-container\"><div class=\"jet-nav m-layout-mobile jet-nav--horizontal\"><div class=\"menu-item menu-item-type-post_type menu-item-object-page jet-nav__item-5954 jet-nav__item\"><a href=\"https:\/\/santajulia.com.ar\/en\/varietales\/\" class=\"menu-item-link menu-item-link-depth-0 menu-item-link-top\"><span class=\"jet-nav-link-text\">Varietal<\/span><\/a><\/div>\n<div class=\"menu-item menu-item-type-post_type menu-item-object-page jet-nav__item-5955 jet-nav__item\"><a href=\"https:\/\/santajulia.com.ar\/en\/valle-de-uco\/\" class=\"menu-item-link menu-item-link-depth-0 menu-item-link-top\"><span class=\"jet-nav-link-text\">Uco Valley<\/span><\/a><\/div>\n<div class=\"menu-item menu-item-type-post_type menu-item-object-page jet-nav__item-5956 jet-nav__item\"><a href=\"https:\/\/santajulia.com.ar\/en\/de-sed\/\" class=\"menu-item-link menu-item-link-depth-0 menu-item-link-top\"><span class=\"jet-nav-link-text\">THIRST QUENCHERS<\/span><\/a><\/div>\n<div class=\"menu-item menu-item-type-post_type menu-item-object-page jet-nav__item-5957 jet-nav__item\"><a href=\"https:\/\/santajulia.com.ar\/en\/naturales-organicos\/\" class=\"menu-item-link menu-item-link-depth-0 menu-item-link-top\"><span class=\"jet-nav-link-text\">ORGANIC AND NATURAL<\/span><\/a><\/div>\n<div class=\"menu-item menu-item-type-post_type menu-item-object-page jet-nav__item-5958 jet-nav__item\"><a href=\"https:\/\/santajulia.com.ar\/en\/dulces\/\" class=\"menu-item-link menu-item-link-depth-0 menu-item-link-top\"><span class=\"jet-nav-link-text\">SWEET<\/span><\/a><\/div>\n<div class=\"menu-item menu-item-type-post_type menu-item-object-page jet-nav__item-5959 jet-nav__item\"><a href=\"https:\/\/santajulia.com.ar\/en\/espumantes\/\" class=\"menu-item-link menu-item-link-depth-0 menu-item-link-top\"><span class=\"jet-nav-link-text\">SPARKLING<\/span><\/a><\/div>\n<div class=\"menu-item menu-item-type-post_type menu-item-object-page jet-nav__item-5960 jet-nav__item\"><a href=\"https:\/\/santajulia.com.ar\/en\/latas\/\" class=\"menu-item-link menu-item-link-depth-0 menu-item-link-top\"><span class=\"jet-nav-link-text\">Canned<\/span><\/a><\/div>\n<\/div><\/div><\/nav>\t\t\t\t<\/div>\n\t\t\t\t<\/div>\n\t\t\t\t<\/div>\n\t\t\t\t<\/div>\n\t\t<div class=\"elementor-element elementor-element-a5ceb8b e-con-full e-flex e-con e-parent\" data-id=\"a5ceb8b\" data-element_type=\"container\" data-e-type=\"container\" data-settings=\"{&quot;jet_parallax_layout_list&quot;:[]}\">\n\t\t<div class=\"elementor-element elementor-element-6c2b68e e-con-full e-flex e-con e-child\" data-id=\"6c2b68e\" data-element_type=\"container\" data-e-type=\"container\" data-settings=\"{&quot;jet_parallax_layout_list&quot;:[],&quot;background_background&quot;:&quot;classic&quot;}\">\n\t\t<div class=\"elementor-element elementor-element-7a54ff6 e-con-full e-flex e-con e-child\" data-id=\"7a54ff6\" data-element_type=\"container\" data-e-type=\"container\" data-settings=\"{&quot;jet_parallax_layout_list&quot;:[]}\">\n\t\t\t\t<div class=\"elementor-element elementor-element-34954d2 elementor-widget elementor-widget-heading\" data-id=\"34954d2\" data-element_type=\"widget\" data-e-type=\"widget\" data-widget_type=\"heading.default\">\n\t\t\t\t<div class=\"elementor-widget-container\">\n\t\t\t\t\t<h2 class=\"elementor-heading-title elementor-size-default\">Tomates Verdes<\/h2>\t\t\t\t<\/div>\n\t\t\t\t<\/div>\n\t\t\t\t<div class=\"elementor-element elementor-element-3ba39e2 elementor-widget elementor-widget-heading\" data-id=\"3ba39e2\" data-element_type=\"widget\" data-e-type=\"widget\" data-widget_type=\"heading.default\">\n\t\t\t\t<div class=\"elementor-widget-container\">\n\t\t\t\t\t<h2 class=\"elementor-heading-title elementor-size-default\">Torront\u00e9s<\/h2>\t\t\t\t<\/div>\n\t\t\t\t<\/div>\n\t\t\t\t<div class=\"elementor-element elementor-element-4c46b53 elementor-widget elementor-widget-text-editor\" data-id=\"4c46b53\" data-element_type=\"widget\" data-e-type=\"widget\" data-widget_type=\"text-editor.default\">\n\t\t\t\t<div class=\"elementor-widget-container\">\n\t\t\t\t\t\t\t\t\t<p>Tomates verdes, a light and fresh wine, a Torront\u00e9s that preserves the typicity of the variety. Origin: our estate in Maip\u00fa.\u201d es la traducci\u00f3n al ingl\u00e9s de tu texto..<\/p>\t\t\t\t\t\t\t\t<\/div>\n\t\t\t\t<\/div>\n\t\t\t\t<\/div>\n\t\t\t\t<\/div>\n\t\t\t\t<\/div>\n\t\t<div class=\"elementor-element elementor-element-a325be4 e-con-full e-flex e-con e-parent\" data-id=\"a325be4\" data-element_type=\"container\" data-e-type=\"container\" data-settings=\"{&quot;background_background&quot;:&quot;classic&quot;,&quot;jet_parallax_layout_list&quot;:[]}\">\n\t\t<div class=\"elementor-element elementor-element-1be9048 e-con-full e-flex e-con e-child\" data-id=\"1be9048\" data-element_type=\"container\" data-e-type=\"container\" data-settings=\"{&quot;jet_parallax_layout_list&quot;:[]}\">\n\t\t\t\t<div class=\"elementor-element elementor-element-dc7b7f8 elementor-widget elementor-widget-image\" data-id=\"dc7b7f8\" data-element_type=\"widget\" data-e-type=\"widget\" data-widget_type=\"image.default\">\n\t\t\t\t<div class=\"elementor-widget-container\">\n\t\t\t\t\t\t\t\t\t\t\t\t\t\t\t<img fetchpriority=\"high\" decoding=\"async\" width=\"1680\" height=\"1347\" src=\"https:\/\/santajulia.com.ar\/wp-content\/uploads\/2024\/02\/tomates-verdes-vino.webp\" class=\"attachment-full size-full wp-image-2421\" alt=\"\" srcset=\"https:\/\/santajulia.com.ar\/wp-content\/uploads\/2024\/02\/tomates-verdes-vino.webp 1680w, https:\/\/santajulia.com.ar\/wp-content\/uploads\/2024\/02\/tomates-verdes-vino-768x616.webp 768w, https:\/\/santajulia.com.ar\/wp-content\/uploads\/2024\/02\/tomates-verdes-vino-1536x1232.webp 1536w\" sizes=\"(max-width: 1680px) 100vw, 1680px\" \/>\t\t\t\t\t\t\t\t\t\t\t\t\t\t\t<\/div>\n\t\t\t\t<\/div>\n\t\t\t\t<\/div>\n\t\t<div class=\"elementor-element elementor-element-0532ed5 e-flex e-con-boxed e-con e-child\" data-id=\"0532ed5\" data-element_type=\"container\" data-e-type=\"container\" data-settings=\"{&quot;jet_parallax_layout_list&quot;:[]}\">\n\t\t\t\t\t<div class=\"e-con-inner\">\n\t\t\t\t<div class=\"elementor-element elementor-element-409abff elementor-align-center elementor-widget__width-inherit elementor-widget elementor-widget-button\" data-id=\"409abff\" data-element_type=\"widget\" data-e-type=\"widget\" data-widget_type=\"button.default\">\n\t\t\t\t<div class=\"elementor-widget-container\">\n\t\t\t\t\t\t\t\t\t<div class=\"elementor-button-wrapper\">\n\t\t\t\t\t<a class=\"elementor-button elementor-button-link elementor-size-sm\" href=\"https:\/\/santajulia.com.ar\/wp-content\/uploads\/2024\/06\/FT-TOMATES-VERDES-2023-ING-COMEX.pdf\" target=\"_blank\">\n\t\t\t\t\t\t<span class=\"elementor-button-content-wrapper\">\n\t\t\t\t\t\t\t\t\t<span class=\"elementor-button-text\">specification sheet<\/span>\n\t\t\t\t\t<\/span>\n\t\t\t\t\t<\/a>\n\t\t\t\t<\/div>\n\t\t\t\t\t\t\t\t<\/div>\n\t\t\t\t<\/div>\n\t\t\t\t\t<\/div>\n\t\t\t\t<\/div>\n\t\t\t\t<\/div>\n\t\t<div class=\"elementor-element elementor-element-4d3ff78 e-flex e-con-boxed e-con e-parent\" data-id=\"4d3ff78\" data-element_type=\"container\" data-e-type=\"container\" data-settings=\"{&quot;jet_parallax_layout_list&quot;:[]}\">\n\t\t\t\t\t<div class=\"e-con-inner\">\n\t\t<div class=\"elementor-element elementor-element-cf4be86 e-con-full e-flex e-con e-child\" data-id=\"cf4be86\" data-element_type=\"container\" data-e-type=\"container\" data-settings=\"{&quot;jet_parallax_layout_list&quot;:[]}\">\n\t\t\t\t<div class=\"elementor-element elementor-element-d7b970a elementor-widget elementor-widget-image\" data-id=\"d7b970a\" data-element_type=\"widget\" data-e-type=\"widget\" data-widget_type=\"image.default\">\n\t\t\t\t<div class=\"elementor-widget-container\">\n\t\t\t\t\t\t\t\t\t\t\t\t\t\t\t<img decoding=\"async\" width=\"1258\" height=\"1243\" src=\"https:\/\/santajulia.com.ar\/wp-content\/uploads\/2024\/04\/Recurso-22sdsd9668.webp\" class=\"attachment-full size-full wp-image-6139\" alt=\"\" srcset=\"https:\/\/santajulia.com.ar\/wp-content\/uploads\/2024\/04\/Recurso-22sdsd9668.webp 1258w, https:\/\/santajulia.com.ar\/wp-content\/uploads\/2024\/04\/Recurso-22sdsd9668-768x759.webp 768w\" sizes=\"(max-width: 1258px) 100vw, 1258px\" \/>\t\t\t\t\t\t\t\t\t\t\t\t\t\t\t<\/div>\n\t\t\t\t<\/div>\n\t\t\t\t<\/div>\n\t\t<div class=\"elementor-element elementor-element-fb31b7c e-flex e-con-boxed e-con e-child\" data-id=\"fb31b7c\" data-element_type=\"container\" data-e-type=\"container\" data-settings=\"{&quot;jet_parallax_layout_list&quot;:[]}\">\n\t\t\t\t\t<div class=\"e-con-inner\">\n\t\t\t\t<div class=\"elementor-element elementor-element-c41e7e7 elementor-widget elementor-widget-heading\" data-id=\"c41e7e7\" data-element_type=\"widget\" data-e-type=\"widget\" data-widget_type=\"heading.default\">\n\t\t\t\t<div class=\"elementor-widget-container\">\n\t\t\t\t\t<h2 class=\"elementor-heading-title elementor-size-default\">What does it mean?<\/h2>\t\t\t\t<\/div>\n\t\t\t\t<\/div>\n\t\t\t\t<div class=\"elementor-element elementor-element-4e34487 elementor-widget elementor-widget-text-editor\" data-id=\"4e34487\" data-element_type=\"widget\" data-e-type=\"widget\" data-widget_type=\"text-editor.default\">\n\t\t\t\t<div class=\"elementor-widget-container\">\n\t\t\t\t\t\t\t\t\t<p>Low Alcohol White Wine: This is a green, light and soft wine. This style of wine consists of an early harvest, meaning it has not reached its maximum level of ripeness.<\/p>\t\t\t\t\t\t\t\t<\/div>\n\t\t\t\t<\/div>\n\t\t\t\t\t<\/div>\n\t\t\t\t<\/div>\n\t\t\t\t\t<\/div>\n\t\t\t\t<\/div>\n\t\t<div class=\"elementor-element elementor-element-6fd18ac e-flex e-con-boxed e-con e-parent\" data-id=\"6fd18ac\" data-element_type=\"container\" data-e-type=\"container\" data-settings=\"{&quot;jet_parallax_layout_list&quot;:[]}\">\n\t\t\t\t\t<div class=\"e-con-inner\">\n\t\t\t\t<div class=\"elementor-element elementor-element-4f3184c elementor-widget elementor-widget-image\" data-id=\"4f3184c\" data-element_type=\"widget\" data-e-type=\"widget\" data-widget_type=\"image.default\">\n\t\t\t\t<div class=\"elementor-widget-container\">\n\t\t\t\t\t\t\t\t\t\t\t\t\t\t\t<img decoding=\"async\" width=\"1600\" height=\"331\" src=\"https:\/\/santajulia.com.ar\/wp-content\/uploads\/2024\/04\/Recurso-22sdsd9668-1.webp\" class=\"attachment-large size-large wp-image-6136\" alt=\"\" srcset=\"https:\/\/santajulia.com.ar\/wp-content\/uploads\/2024\/04\/Recurso-22sdsd9668-1.webp 1600w, https:\/\/santajulia.com.ar\/wp-content\/uploads\/2024\/04\/Recurso-22sdsd9668-1-768x159.webp 768w, https:\/\/santajulia.com.ar\/wp-content\/uploads\/2024\/04\/Recurso-22sdsd9668-1-1536x318.webp 1536w\" sizes=\"(max-width: 1600px) 100vw, 1600px\" \/>\t\t\t\t\t\t\t\t\t\t\t\t\t\t\t<\/div>\n\t\t\t\t<\/div>\n\t\t\t\t\t<\/div>\n\t\t\t\t<\/div>\n\t\t<div class=\"elementor-element elementor-element-7de95e0 propo e-flex e-con-boxed e-con e-parent\" data-id=\"7de95e0\" data-element_type=\"container\" data-e-type=\"container\" data-settings=\"{&quot;background_background&quot;:&quot;slideshow&quot;,&quot;background_slideshow_gallery&quot;:[{&quot;id&quot;:4658,&quot;url&quot;:&quot;https:\\\/\\\/santajulia.com.ar\\\/wp-content\\\/uploads\\\/2024\\\/03\\\/tomates-verdes-slider-1.webp&quot;},{&quot;id&quot;:4661,&quot;url&quot;:&quot;https:\\\/\\\/santajulia.com.ar\\\/wp-content\\\/uploads\\\/2024\\\/03\\\/tomates-verdes-slider-2.webp&quot;},{&quot;id&quot;:4664,&quot;url&quot;:&quot;https:\\\/\\\/santajulia.com.ar\\\/wp-content\\\/uploads\\\/2024\\\/03\\\/tomates-verdes-slider-3.webp&quot;},{&quot;id&quot;:4667,&quot;url&quot;:&quot;https:\\\/\\\/santajulia.com.ar\\\/wp-content\\\/uploads\\\/2024\\\/03\\\/tomates-verdes-slider-4.webp&quot;},{&quot;id&quot;:4670,&quot;url&quot;:&quot;https:\\\/\\\/santajulia.com.ar\\\/wp-content\\\/uploads\\\/2024\\\/03\\\/tomates-verdes-slider-5.webp&quot;},{&quot;id&quot;:4673,&quot;url&quot;:&quot;https:\\\/\\\/santajulia.com.ar\\\/wp-content\\\/uploads\\\/2024\\\/03\\\/tomates-verdes-slider-6.webp&quot;}],&quot;background_slideshow_lazyload&quot;:&quot;yes&quot;,&quot;background_slideshow_ken_burns&quot;:&quot;yes&quot;,&quot;jet_parallax_layout_list&quot;:[],&quot;background_slideshow_loop&quot;:&quot;yes&quot;,&quot;background_slideshow_slide_duration&quot;:5000,&quot;background_slideshow_slide_transition&quot;:&quot;fade&quot;,&quot;background_slideshow_transition_duration&quot;:500,&quot;background_slideshow_ken_burns_zoom_direction&quot;:&quot;in&quot;}\">\n\t\t\t\t\t<div class=\"e-con-inner\">\n\t\t\t\t\t<\/div>\n\t\t\t\t<\/div>\n\t\t<div class=\"elementor-element elementor-element-79c8e09 e-con-full e-flex e-con e-parent\" data-id=\"79c8e09\" data-element_type=\"container\" data-e-type=\"container\" data-settings=\"{&quot;jet_parallax_layout_list&quot;:[]}\">\n\t\t<div class=\"elementor-element elementor-element-5b4ba80 e-con-full e-flex e-con e-child\" data-id=\"5b4ba80\" data-element_type=\"container\" data-e-type=\"container\" data-settings=\"{&quot;background_background&quot;:&quot;classic&quot;,&quot;jet_parallax_layout_list&quot;:[]}\">\n\t\t\t\t<div class=\"elementor-element elementor-element-a7e35d0 elementor-widget elementor-widget-heading\" data-id=\"a7e35d0\" data-element_type=\"widget\" data-e-type=\"widget\" data-widget_type=\"heading.default\">\n\t\t\t\t<div class=\"elementor-widget-container\">\n\t\t\t\t\t<h2 class=\"elementor-heading-title elementor-size-default\">We recommend pairing Tomates Verdes with:<\/h2>\t\t\t\t<\/div>\n\t\t\t\t<\/div>\n\t\t\t\t<\/div>\n\t\t<div class=\"elementor-element elementor-element-cc963a6 e-con-full e-flex e-con e-child\" data-id=\"cc963a6\" data-element_type=\"container\" data-e-type=\"container\" data-settings=\"{&quot;jet_parallax_layout_list&quot;:[]}\">\n\t\t<div class=\"elementor-element elementor-element-d67f7f9 e-con-full e-flex e-con e-child\" data-id=\"d67f7f9\" data-element_type=\"container\" data-e-type=\"container\" data-settings=\"{&quot;jet_parallax_layout_list&quot;:[]}\">\n\t\t<div class=\"elementor-element elementor-element-02b17ba e-flex e-con-boxed e-con e-child\" data-id=\"02b17ba\" data-element_type=\"container\" data-e-type=\"container\" data-settings=\"{&quot;jet_parallax_layout_list&quot;:[]}\">\n\t\t\t\t\t<div class=\"e-con-inner\">\n\t\t\t\t<div class=\"elementor-element elementor-element-b0b710c elementor-widget elementor-widget-html\" data-id=\"b0b710c\" data-element_type=\"widget\" data-e-type=\"widget\" data-widget_type=\"html.default\">\n\t\t\t\t<div class=\"elementor-widget-container\">\n\t\t\t\t\t<iframe style=\"border-radius:12px\" src=\"https:\/\/open.spotify.com\/embed\/playlist\/6DW0kAuLCgiMgirSvSFaAr?utm_source=generator&theme=0\" width=\"100%\" height=\"152\" frameBorder=\"0\" allowfullscreen=\"\" allow=\"autoplay; clipboard-write; encrypted-media; fullscreen; picture-in-picture\" loading=\"lazy\"><\/iframe>\t\t\t\t<\/div>\n\t\t\t\t<\/div>\n\t\t\t\t\t<\/div>\n\t\t\t\t<\/div>\n\t\t\t\t<\/div>\n\t\t\t\t<\/div>\n\t\t\t\t<\/div>\n\t\t\t\t<\/div>\n\t\t","protected":false},"excerpt":{"rendered":"<p>Varietal Uco Valley THIRST QUENCHERS ORGANIC AND NATURAL SWEET SPARKLING Canned Tomates Verdes Torront\u00e9s Tomates verdes, a light and fresh wine, a Torront\u00e9s that preserves the typicity of the variety. Origin: our estate in Maip\u00fa.\u201d es la traducci\u00f3n al ingl\u00e9s de tu texto.. specification sheet What does it mean? Low Alcohol White Wine: This is [&hellip;]<\/p>\n","protected":false},"author":3,"featured_media":0,"parent":0,"menu_order":0,"comment_status":"closed","ping_status":"closed","template":"","meta":{"_jet_sm_ready_style":"","_jet_sm_style":"","_jet_sm_controls_values":"","_jet_sm_fonts_collection":"","_jet_sm_fonts_links":"","footnotes":""},"class_list":["post-5723","page","type-page","status-publish","hentry"],"_links":{"self":[{"href":"https:\/\/santajulia.com.ar\/en\/wp-json\/wp\/v2\/pages\/5723","targetHints":{"allow":["GET"]}}],"collection":[{"href":"https:\/\/santajulia.com.ar\/en\/wp-json\/wp\/v2\/pages"}],"about":[{"href":"https:\/\/santajulia.com.ar\/en\/wp-json\/wp\/v2\/types\/page"}],"author":[{"embeddable":true,"href":"https:\/\/santajulia.com.ar\/en\/wp-json\/wp\/v2\/users\/3"}],"replies":[{"embeddable":true,"href":"https:\/\/santajulia.com.ar\/en\/wp-json\/wp\/v2\/comments?post=5723"}],"version-history":[{"count":13,"href":"https:\/\/santajulia.com.ar\/en\/wp-json\/wp\/v2\/pages\/5723\/revisions"}],"predecessor-version":[{"id":7763,"href":"https:\/\/santajulia.com.ar\/en\/wp-json\/wp\/v2\/pages\/5723\/revisions\/7763"}],"wp:attachment":[{"href":"https:\/\/santajulia.com.ar\/en\/wp-json\/wp\/v2\/media?parent=5723"}],"curies":[{"name":"wp","href":"https:\/\/api.w.org\/{rel}","templated":true}]}}