{"id":5764,"date":"2024-03-03T16:41:09","date_gmt":"2024-03-03T16:41:09","guid":{"rendered":"https:\/\/santajulia.com.ar\/novedades-santa-julia-clarete-natural\/"},"modified":"2024-03-03T16:41:09","modified_gmt":"2024-03-03T16:41:09","slug":"novedades-santa-julia-clarete-natural","status":"publish","type":"page","link":"https:\/\/santajulia.com.ar\/en\/novedades-santa-julia-clarete-natural\/","title":{"rendered":"Novedades Santa Julia &#8211; Clarete Natural"},"content":{"rendered":"\t\t<div data-elementor-type=\"wp-page\" data-elementor-id=\"5764\" class=\"elementor elementor-5764 elementor-3356\" data-elementor-post-type=\"page\">\n\t\t\t\t<div class=\"elementor-element elementor-element-bab3d4f e-flex e-con-boxed e-con e-parent\" data-id=\"bab3d4f\" data-element_type=\"container\" data-e-type=\"container\" data-settings=\"{&quot;background_background&quot;:&quot;classic&quot;,&quot;jet_parallax_layout_list&quot;:[]}\">\n\t\t\t\t\t<div class=\"e-con-inner\">\n\t\t\t\t<div class=\"elementor-element elementor-element-7cb249e elementor-widget elementor-widget-heading\" data-id=\"7cb249e\" data-element_type=\"widget\" data-e-type=\"widget\" data-widget_type=\"heading.default\">\n\t\t\t\t<div class=\"elementor-widget-container\">\n\t\t\t\t\t<h1 class=\"elementor-heading-title elementor-size-default\">Novedades Santa Julia<\/h1>\t\t\t\t<\/div>\n\t\t\t\t<\/div>\n\t\t\t\t\t<\/div>\n\t\t\t\t<\/div>\n\t\t<div class=\"elementor-element elementor-element-3bbe970 e-con-full e-flex e-con e-parent\" data-id=\"3bbe970\" data-element_type=\"container\" data-e-type=\"container\" data-settings=\"{&quot;jet_parallax_layout_list&quot;:[],&quot;background_background&quot;:&quot;classic&quot;}\">\n\t\t<div class=\"elementor-element elementor-element-7b6e689 e-con-full e-flex e-con e-child\" data-id=\"7b6e689\" data-element_type=\"container\" data-e-type=\"container\" data-settings=\"{&quot;jet_parallax_layout_list&quot;:[]}\">\n\t\t\t\t<div class=\"elementor-element elementor-element-c390b8d elementor-widget elementor-widget-image\" data-id=\"c390b8d\" data-element_type=\"widget\" data-e-type=\"widget\" data-widget_type=\"image.default\">\n\t\t\t\t<div class=\"elementor-widget-container\">\n\t\t\t\t\t\t\t\t\t\t\t\t\t\t\t<img fetchpriority=\"high\" decoding=\"async\" width=\"634\" height=\"605\" src=\"https:\/\/santajulia.com.ar\/wp-content\/uploads\/2024\/03\/novedades-la-vaquita.webp\" class=\"attachment-large size-large wp-image-3362\" alt=\"\" \/>\t\t\t\t\t\t\t\t\t\t\t\t\t\t\t<\/div>\n\t\t\t\t<\/div>\n\t\t\t\t<\/div>\n\t\t<div class=\"elementor-element elementor-element-fa23043 e-con-full e-flex e-con e-child\" data-id=\"fa23043\" data-element_type=\"container\" data-e-type=\"container\" data-settings=\"{&quot;jet_parallax_layout_list&quot;:[]}\">\n\t\t\t\t<div class=\"elementor-element elementor-element-5b99dd5 elementor-widget elementor-widget-text-editor\" data-id=\"5b99dd5\" data-element_type=\"widget\" data-e-type=\"widget\" data-widget_type=\"text-editor.default\">\n\t\t\t\t<div class=\"elementor-widget-container\">\n\t\t\t\t\t\t\t\t\t<p>28 NOVIEMBRE 2022<\/p>\t\t\t\t\t\t\t\t<\/div>\n\t\t\t\t<\/div>\n\t\t\t\t<div class=\"elementor-element elementor-element-708d529 elementor-widget elementor-widget-heading\" data-id=\"708d529\" data-element_type=\"widget\" data-e-type=\"widget\" data-widget_type=\"heading.default\">\n\t\t\t\t<div class=\"elementor-widget-container\">\n\t\t\t\t\t<h2 class=\"elementor-heading-title elementor-size-default\">Clarete Natural<\/h2>\t\t\t\t<\/div>\n\t\t\t\t<\/div>\n\t\t\t\t<div class=\"elementor-element elementor-element-1852a04 elementor-widget elementor-widget-text-editor\" data-id=\"1852a04\" data-element_type=\"widget\" data-e-type=\"widget\" data-widget_type=\"text-editor.default\">\n\t\t\t\t<div class=\"elementor-widget-container\">\n\t\t\t\t\t\t\t\t\t<p>Bodega Santa Julia presenta su primer Clarete Natural. La Vaquita, es un vino elaborado con uvas provenientes de vi\u00f1edos org\u00e1nicos propios ubicados en Maip\u00fa, Mendoza&#8230;<\/p>\t\t\t\t\t\t\t\t<\/div>\n\t\t\t\t<\/div>\n\t\t\t\t<\/div>\n\t\t\t\t<\/div>\n\t\t<div class=\"elementor-element elementor-element-0bae4ca e-con-full e-flex e-con e-parent\" data-id=\"0bae4ca\" data-element_type=\"container\" data-e-type=\"container\" data-settings=\"{&quot;background_background&quot;:&quot;classic&quot;,&quot;jet_parallax_layout_list&quot;:[]}\">\n\t\t<div class=\"elementor-element elementor-element-2ca7caf e-flex e-con-boxed e-con e-child\" data-id=\"2ca7caf\" data-element_type=\"container\" data-e-type=\"container\" data-settings=\"{&quot;jet_parallax_layout_list&quot;:[]}\">\n\t\t\t\t\t<div class=\"e-con-inner\">\n\t\t\t\t<div class=\"elementor-element elementor-element-143f3c6 elementor-align-right elementor-widget elementor-widget-button\" data-id=\"143f3c6\" data-element_type=\"widget\" data-e-type=\"widget\" data-widget_type=\"button.default\">\n\t\t\t\t<div class=\"elementor-widget-container\">\n\t\t\t\t\t\t\t\t\t<div class=\"elementor-button-wrapper\">\n\t\t\t\t\t<a class=\"elementor-button elementor-button-link elementor-size-sm\" href=\"#\">\n\t\t\t\t\t\t<span class=\"elementor-button-content-wrapper\">\n\t\t\t\t\t\t<span class=\"elementor-button-icon\">\n\t\t\t\t<i aria-hidden=\"true\" class=\"fas fa-chevron-left\"><\/i>\t\t\t<\/span>\n\t\t\t\t\t\t\t\t<\/span>\n\t\t\t\t\t<\/a>\n\t\t\t\t<\/div>\n\t\t\t\t\t\t\t\t<\/div>\n\t\t\t\t<\/div>\n\t\t\t\t<div class=\"elementor-element elementor-element-27ade03 elementor-align-center elementor-widget elementor-widget-button\" data-id=\"27ade03\" data-element_type=\"widget\" data-e-type=\"widget\" data-widget_type=\"button.default\">\n\t\t\t\t<div class=\"elementor-widget-container\">\n\t\t\t\t\t\t\t\t\t<div class=\"elementor-button-wrapper\">\n\t\t\t\t\t<a class=\"elementor-button elementor-button-link elementor-size-sm\" href=\"https:\/\/santajulia.com.ar\/novedades-santa-julia-uco-box\/\">\n\t\t\t\t\t\t<span class=\"elementor-button-content-wrapper\">\n\t\t\t\t\t\t\t\t\t<span class=\"elementor-button-text\">PR\u00d3XIMA NOTICIA<\/span>\n\t\t\t\t\t<\/span>\n\t\t\t\t\t<\/a>\n\t\t\t\t<\/div>\n\t\t\t\t\t\t\t\t<\/div>\n\t\t\t\t<\/div>\n\t\t\t\t<div class=\"elementor-element elementor-element-41c23ce elementor-align-left elementor-widget elementor-widget-button\" data-id=\"41c23ce\" data-element_type=\"widget\" data-e-type=\"widget\" data-widget_type=\"button.default\">\n\t\t\t\t<div class=\"elementor-widget-container\">\n\t\t\t\t\t\t\t\t\t<div class=\"elementor-button-wrapper\">\n\t\t\t\t\t<a class=\"elementor-button elementor-button-link elementor-size-sm\" href=\"https:\/\/santajulia.com.ar\/novedades-santa-julia-uco-box\/\">\n\t\t\t\t\t\t<span class=\"elementor-button-content-wrapper\">\n\t\t\t\t\t\t<span class=\"elementor-button-icon\">\n\t\t\t\t<i aria-hidden=\"true\" class=\"fas fa-chevron-right\"><\/i>\t\t\t<\/span>\n\t\t\t\t\t\t\t\t<\/span>\n\t\t\t\t\t<\/a>\n\t\t\t\t<\/div>\n\t\t\t\t\t\t\t\t<\/div>\n\t\t\t\t<\/div>\n\t\t\t\t\t<\/div>\n\t\t\t\t<\/div>\n\t\t\t\t<\/div>\n\t\t<div class=\"elementor-element elementor-element-82dea92 e-con-full e-flex e-con e-parent\" data-id=\"82dea92\" data-element_type=\"container\" data-e-type=\"container\" data-settings=\"{&quot;background_background&quot;:&quot;classic&quot;,&quot;jet_parallax_layout_list&quot;:[]}\">\n\t\t\t\t<\/div>\n\t\t<div class=\"elementor-element elementor-element-2b89ef1 e-con-full e-flex e-con e-parent\" data-id=\"2b89ef1\" data-element_type=\"container\" data-e-type=\"container\" data-settings=\"{&quot;jet_parallax_layout_list&quot;:[]}\">\n\t\t\t\t<div class=\"elementor-element elementor-element-595c4d2 elementor-widget elementor-widget-image\" data-id=\"595c4d2\" data-element_type=\"widget\" data-e-type=\"widget\" data-widget_type=\"image.default\">\n\t\t\t\t<div class=\"elementor-widget-container\">\n\t\t\t\t\t\t\t\t\t\t\t\t\t\t\t<img decoding=\"async\" width=\"1250\" height=\"448\" src=\"https:\/\/santajulia.com.ar\/wp-content\/uploads\/2024\/03\/novedades-titulo-la-vaquita.webp\" class=\"attachment-large size-large wp-image-3410\" alt=\"\" srcset=\"https:\/\/santajulia.com.ar\/wp-content\/uploads\/2024\/03\/novedades-titulo-la-vaquita.webp 1250w, https:\/\/santajulia.com.ar\/wp-content\/uploads\/2024\/03\/novedades-titulo-la-vaquita-768x275.webp 768w\" sizes=\"(max-width: 1250px) 100vw, 1250px\" \/>\t\t\t\t\t\t\t\t\t\t\t\t\t\t\t<\/div>\n\t\t\t\t<\/div>\n\t\t\t\t<\/div>\n\t\t<div class=\"elementor-element elementor-element-0092d11 e-con-full e-flex e-con e-parent\" data-id=\"0092d11\" data-element_type=\"container\" data-e-type=\"container\" data-settings=\"{&quot;jet_parallax_layout_list&quot;:[]}\">\n\t\t<div class=\"elementor-element elementor-element-035345d e-con-full e-flex e-con e-child\" data-id=\"035345d\" data-element_type=\"container\" data-e-type=\"container\" data-settings=\"{&quot;jet_parallax_layout_list&quot;:[]}\">\n\t\t\t\t<div class=\"elementor-element elementor-element-ae567f5 elementor-widget elementor-widget-image-gallery\" data-id=\"ae567f5\" data-element_type=\"widget\" data-e-type=\"widget\" data-widget_type=\"image-gallery.default\">\n\t\t\t\t<div class=\"elementor-widget-container\">\n\t\t\t\t\t\t\t<div class=\"elementor-image-gallery\">\n\t\t\t<div id='gallery-1' class='gallery galleryid-5764 gallery-columns-1 gallery-size-full'><figure class='gallery-item'>\n\t\t\t<div class='gallery-icon portrait'>\n\t\t\t\t<a data-elementor-open-lightbox=\"yes\" data-elementor-lightbox-slideshow=\"ae567f5\" data-elementor-lightbox-title=\"novedades-foto1-clarete-natural\" data-e-action-hash=\"#elementor-action%3Aaction%3Dlightbox%26settings%3DeyJpZCI6MzQwNCwidXJsIjoiaHR0cHM6XC9cL3NhbnRhanVsaWEuY29tLmFyXC93cC1jb250ZW50XC91cGxvYWRzXC8yMDI0XC8wM1wvbm92ZWRhZGVzLWZvdG8xLWNsYXJldGUtbmF0dXJhbC53ZWJwIiwic2xpZGVzaG93IjoiYWU1NjdmNSJ9\" href='https:\/\/santajulia.com.ar\/wp-content\/uploads\/2024\/03\/novedades-foto1-clarete-natural.webp'><img width=\"1390\" height=\"1880\" src=\"https:\/\/santajulia.com.ar\/wp-content\/uploads\/2024\/03\/novedades-foto1-clarete-natural.webp\" class=\"attachment-full size-full\" alt=\"\" decoding=\"async\" srcset=\"https:\/\/santajulia.com.ar\/wp-content\/uploads\/2024\/03\/novedades-foto1-clarete-natural.webp 1390w, https:\/\/santajulia.com.ar\/wp-content\/uploads\/2024\/03\/novedades-foto1-clarete-natural-768x1039.webp 768w, https:\/\/santajulia.com.ar\/wp-content\/uploads\/2024\/03\/novedades-foto1-clarete-natural-1136x1536.webp 1136w\" sizes=\"(max-width: 1390px) 100vw, 1390px\" \/><\/a>\n\t\t\t<\/div><\/figure><figure class='gallery-item'>\n\t\t\t<div class='gallery-icon portrait'>\n\t\t\t\t<a data-elementor-open-lightbox=\"yes\" data-elementor-lightbox-slideshow=\"ae567f5\" data-elementor-lightbox-title=\"novedades-foto2-clarete-natural\" data-e-action-hash=\"#elementor-action%3Aaction%3Dlightbox%26settings%3DeyJpZCI6MzQwMSwidXJsIjoiaHR0cHM6XC9cL3NhbnRhanVsaWEuY29tLmFyXC93cC1jb250ZW50XC91cGxvYWRzXC8yMDI0XC8wM1wvbm92ZWRhZGVzLWZvdG8yLWNsYXJldGUtbmF0dXJhbC53ZWJwIiwic2xpZGVzaG93IjoiYWU1NjdmNSJ9\" href='https:\/\/santajulia.com.ar\/wp-content\/uploads\/2024\/03\/novedades-foto2-clarete-natural.webp'><img loading=\"lazy\" width=\"1390\" height=\"1880\" src=\"https:\/\/santajulia.com.ar\/wp-content\/uploads\/2024\/03\/novedades-foto2-clarete-natural.webp\" class=\"attachment-full size-full\" alt=\"\" decoding=\"async\" srcset=\"https:\/\/santajulia.com.ar\/wp-content\/uploads\/2024\/03\/novedades-foto2-clarete-natural.webp 1390w, https:\/\/santajulia.com.ar\/wp-content\/uploads\/2024\/03\/novedades-foto2-clarete-natural-768x1039.webp 768w, https:\/\/santajulia.com.ar\/wp-content\/uploads\/2024\/03\/novedades-foto2-clarete-natural-1136x1536.webp 1136w\" sizes=\"(max-width: 1390px) 100vw, 1390px\" \/><\/a>\n\t\t\t<\/div><\/figure><figure class='gallery-item'>\n\t\t\t<div class='gallery-icon portrait'>\n\t\t\t\t<a data-elementor-open-lightbox=\"yes\" data-elementor-lightbox-slideshow=\"ae567f5\" data-elementor-lightbox-title=\"novedades-foto3-clarete-natural\" data-e-action-hash=\"#elementor-action%3Aaction%3Dlightbox%26settings%3DeyJpZCI6MzM5OCwidXJsIjoiaHR0cHM6XC9cL3NhbnRhanVsaWEuY29tLmFyXC93cC1jb250ZW50XC91cGxvYWRzXC8yMDI0XC8wM1wvbm92ZWRhZGVzLWZvdG8zLWNsYXJldGUtbmF0dXJhbC53ZWJwIiwic2xpZGVzaG93IjoiYWU1NjdmNSJ9\" href='https:\/\/santajulia.com.ar\/wp-content\/uploads\/2024\/03\/novedades-foto3-clarete-natural.webp'><img loading=\"lazy\" width=\"1390\" height=\"1880\" src=\"https:\/\/santajulia.com.ar\/wp-content\/uploads\/2024\/03\/novedades-foto3-clarete-natural.webp\" class=\"attachment-full size-full\" alt=\"\" decoding=\"async\" srcset=\"https:\/\/santajulia.com.ar\/wp-content\/uploads\/2024\/03\/novedades-foto3-clarete-natural.webp 1390w, https:\/\/santajulia.com.ar\/wp-content\/uploads\/2024\/03\/novedades-foto3-clarete-natural-768x1039.webp 768w, https:\/\/santajulia.com.ar\/wp-content\/uploads\/2024\/03\/novedades-foto3-clarete-natural-1136x1536.webp 1136w\" sizes=\"(max-width: 1390px) 100vw, 1390px\" \/><\/a>\n\t\t\t<\/div><\/figure>\n\t\t<\/div>\n\t\t<\/div>\n\t\t\t\t\t\t<\/div>\n\t\t\t\t<\/div>\n\t\t\t\t<\/div>\n\t\t<div class=\"elementor-element elementor-element-879015a e-con-full e-flex e-con e-child\" data-id=\"879015a\" data-element_type=\"container\" data-e-type=\"container\" data-settings=\"{&quot;jet_parallax_layout_list&quot;:[]}\">\n\t\t<div class=\"elementor-element elementor-element-ecac431 e-con-full e-flex e-con e-child\" data-id=\"ecac431\" data-element_type=\"container\" data-e-type=\"container\" data-settings=\"{&quot;jet_parallax_layout_list&quot;:[]}\">\n\t\t\t\t<div class=\"elementor-element elementor-element-44caf30 elementor-widget elementor-widget-text-editor\" data-id=\"44caf30\" data-element_type=\"widget\" data-e-type=\"widget\" data-widget_type=\"text-editor.default\">\n\t\t\t\t<div class=\"elementor-widget-container\">\n\t\t\t\t\t\t\t\t\t<p>28 NOVIEMBRE 2022<\/p>\t\t\t\t\t\t\t\t<\/div>\n\t\t\t\t<\/div>\n\t\t\t\t<div class=\"elementor-element elementor-element-e6f71e9 elementor-widget__width-initial elementor-widget-tablet__width-inherit elementor-widget elementor-widget-heading\" data-id=\"e6f71e9\" data-element_type=\"widget\" data-e-type=\"widget\" data-widget_type=\"heading.default\">\n\t\t\t\t<div class=\"elementor-widget-container\">\n\t\t\t\t\t<h2 class=\"elementor-heading-title elementor-size-default\">Bodega Santa Julia presenta su primer Clarete Natural<\/h2>\t\t\t\t<\/div>\n\t\t\t\t<\/div>\n\t\t\t\t<div class=\"elementor-element elementor-element-7d32ccf elementor-widget elementor-widget-text-editor\" data-id=\"7d32ccf\" data-element_type=\"widget\" data-e-type=\"widget\" data-widget_type=\"text-editor.default\">\n\t\t\t\t<div class=\"elementor-widget-container\">\n\t\t\t\t\t\t\t\t\t<p>La Vaquita, es un vino elaborado con uvas provenientes de vi\u00f1edos org\u00e1nicos propios ubicados en Maip\u00fa, Mendoza.<\/p><p>Se trata de un vino elaborado bajo el m\u00e9todo Clarete, cuya principal caracter\u00edstica es que surge de la fermentaci\u00f3n en conjunto de uvas tintas y blancas, esta \u00faltima en menor proporci\u00f3n. De este modo, la composici\u00f3n varietal comprende un 80% de Malbec y 20% de Torront\u00e9s, vinificados en simultaneo con levaduras aut\u00f3ctonas y maceraci\u00f3n corta de 15 d\u00edas.<br \/>El resultado es un vino de color ligero y con gran impacto arom\u00e1tico que recuerda a frutillas frescas, frambuesa y cerezas combinadas con toques florales, caracter\u00edsticas del Torront\u00e9s. En boca se destaca la acidez natural que le brinda una vivacidad muy particular para acompa\u00f1ar paellas, platos especiados, pastas e incluso verduras.<\/p><p>\u201cNuestros vinos naturales tienen nombres de animalitos porque creemos que es la mejor manera de representarlos. Todos ellos est\u00e1n unidos a una historia familiar y Olivia no es la excepci\u00f3n. As\u00ed nombramos a la ternera que lleg\u00f3 a la finca en un d\u00eda muy especial, el cumplea\u00f1os de Helena, mi sobrina. Sin dudas fue el mejor regalo para ella. Pronto, un clarete se sumar\u00eda a la l\u00ednea de vinos naturales y la idea de nombrarlo La Vaquita, es en homenaje a la nueva integrante de la familia, qui\u00e9n lleg\u00f3 para ser parte del entorno y de nuestra vida\u201d Comenta Julia Zuccardi.<\/p><p>De esta manera, La Vaquita completa el rango de vinos naturales de Bodega Santa Julia, y se suma a etiquetas como El Burro Malbec, La Oveja Torront\u00e9s, El Zorrito Naranjo de Chardonnay y La Mantis Pet-Nat. Se encuentra disponible en vinotecas a un precio sugerido de $ 2.795.<\/p>\t\t\t\t\t\t\t\t<\/div>\n\t\t\t\t<\/div>\n\t\t\t\t<\/div>\n\t\t\t\t<\/div>\n\t\t\t\t<\/div>\n\t\t<div class=\"elementor-element elementor-element-eda4ed6 e-con-full e-flex e-con e-parent\" data-id=\"eda4ed6\" data-element_type=\"container\" data-e-type=\"container\" data-settings=\"{&quot;jet_parallax_layout_list&quot;:[]}\">\n\t\t\t\t<div class=\"elementor-element elementor-element-df4b3bd elementor-hidden-mobile elementor-widget elementor-widget-image\" data-id=\"df4b3bd\" data-element_type=\"widget\" data-e-type=\"widget\" data-widget_type=\"image.default\">\n\t\t\t\t<div class=\"elementor-widget-container\">\n\t\t\t\t\t\t\t\t\t\t\t\t\t\t\t\t<a href=\"https:\/\/santajulia.com.ar\/novedades-santa-julia-uco-box\/\">\n\t\t\t\t\t\t\t<img loading=\"lazy\" decoding=\"async\" width=\"2560\" height=\"336\" src=\"https:\/\/santajulia.com.ar\/wp-content\/uploads\/2024\/03\/novedades-foto-uco-box-pie-scaled.webp\" class=\"attachment-large size-large wp-image-3407\" alt=\"\" srcset=\"https:\/\/santajulia.com.ar\/wp-content\/uploads\/2024\/03\/novedades-foto-uco-box-pie-scaled.webp 2560w, https:\/\/santajulia.com.ar\/wp-content\/uploads\/2024\/03\/novedades-foto-uco-box-pie-768x101.webp 768w, https:\/\/santajulia.com.ar\/wp-content\/uploads\/2024\/03\/novedades-foto-uco-box-pie-1536x202.webp 1536w, https:\/\/santajulia.com.ar\/wp-content\/uploads\/2024\/03\/novedades-foto-uco-box-pie-2048x269.webp 2048w\" sizes=\"(max-width: 2560px) 100vw, 2560px\" \/>\t\t\t\t\t\t\t\t<\/a>\n\t\t\t\t\t\t\t\t\t\t\t\t\t\t\t<\/div>\n\t\t\t\t<\/div>\n\t\t\t\t<div class=\"elementor-element elementor-element-06bc492 elementor-hidden-desktop elementor-hidden-tablet elementor-widget elementor-widget-image\" data-id=\"06bc492\" data-element_type=\"widget\" data-e-type=\"widget\" data-widget_type=\"image.default\">\n\t\t\t\t<div class=\"elementor-widget-container\">\n\t\t\t\t\t\t\t\t\t\t\t\t\t\t\t\t<a href=\"https:\/\/santajulia.com.ar\/novedades-santa-julia-uco-box\/\">\n\t\t\t\t\t\t\t<img loading=\"lazy\" decoding=\"async\" width=\"1955\" height=\"441\" src=\"https:\/\/santajulia.com.ar\/wp-content\/uploads\/2024\/03\/novedades-foto-uco-box-pie-mobile.webp\" class=\"attachment-large size-large wp-image-3749\" alt=\"\" srcset=\"https:\/\/santajulia.com.ar\/wp-content\/uploads\/2024\/03\/novedades-foto-uco-box-pie-mobile.webp 1955w, https:\/\/santajulia.com.ar\/wp-content\/uploads\/2024\/03\/novedades-foto-uco-box-pie-mobile-768x173.webp 768w, https:\/\/santajulia.com.ar\/wp-content\/uploads\/2024\/03\/novedades-foto-uco-box-pie-mobile-1536x346.webp 1536w\" sizes=\"(max-width: 1955px) 100vw, 1955px\" \/>\t\t\t\t\t\t\t\t<\/a>\n\t\t\t\t\t\t\t\t\t\t\t\t\t\t\t<\/div>\n\t\t\t\t<\/div>\n\t\t\t\t<\/div>\n\t\t\t\t<\/div>\n\t\t","protected":false},"excerpt":{"rendered":"<p>Novedades Santa Julia 28 NOVIEMBRE 2022 Clarete Natural Bodega Santa Julia presenta su primer Clarete Natural. La Vaquita, es un vino elaborado con uvas provenientes de vi\u00f1edos org\u00e1nicos propios ubicados en Maip\u00fa, Mendoza&#8230; PR\u00d3XIMA NOTICIA 28 NOVIEMBRE 2022 Bodega Santa Julia presenta su primer Clarete Natural La Vaquita, es un vino elaborado con uvas provenientes [&hellip;]<\/p>\n","protected":false},"author":2,"featured_media":0,"parent":0,"menu_order":0,"comment_status":"closed","ping_status":"closed","template":"","meta":{"_jet_sm_ready_style":"","_jet_sm_style":"","_jet_sm_controls_values":"","_jet_sm_fonts_collection":"","_jet_sm_fonts_links":"","footnotes":""},"class_list":["post-5764","page","type-page","status-publish","hentry"],"_links":{"self":[{"href":"https:\/\/santajulia.com.ar\/en\/wp-json\/wp\/v2\/pages\/5764","targetHints":{"allow":["GET"]}}],"collection":[{"href":"https:\/\/santajulia.com.ar\/en\/wp-json\/wp\/v2\/pages"}],"about":[{"href":"https:\/\/santajulia.com.ar\/en\/wp-json\/wp\/v2\/types\/page"}],"author":[{"embeddable":true,"href":"https:\/\/santajulia.com.ar\/en\/wp-json\/wp\/v2\/users\/2"}],"replies":[{"embeddable":true,"href":"https:\/\/santajulia.com.ar\/en\/wp-json\/wp\/v2\/comments?post=5764"}],"version-history":[{"count":0,"href":"https:\/\/santajulia.com.ar\/en\/wp-json\/wp\/v2\/pages\/5764\/revisions"}],"wp:attachment":[{"href":"https:\/\/santajulia.com.ar\/en\/wp-json\/wp\/v2\/media?parent=5764"}],"curies":[{"name":"wp","href":"https:\/\/api.w.org\/{rel}","templated":true}]}}